{"id":898,"date":"2022-01-30T17:38:02","date_gmt":"2022-01-30T17:38:02","guid":{"rendered":"https:\/\/lorientetcompagnies.fr\/?page_id=898"},"modified":"2024-04-16T09:29:40","modified_gmt":"2024-04-16T09:29:40","slug":"recherche-bbcie","status":"publish","type":"page","link":"https:\/\/lorientetcompagnies.fr\/index.php\/recherche-bbcie\/","title":{"rendered":"Rechercher dans la base Bbcie"},"content":{"rendered":"<form action=\"http:\/\/lorientetcompagnies.fr\/LC_main\/lc_pages\/rpagebbcie.php\" method=\"post\">\n<div style=\"display:flex; height=400px;\">\n<div style=\"width:45%;\">\n<h5 style=\"margin-top:4px;\">Recherche dans la base biographique<\/h5>\n<p style=\"padding-left: 15px; margin-bottom: 0; margin-top:0;\">Le nom est un champ obligatoire<\/p>\n<div class=\"lc_li_radios\">\n<input id=\"rad1\" tabindex=\"1\" checked=\"checked\" name=\"choixTri\" type=\"radio\" value=\"trideb\" \/>&nbsp;&nbsp;&nbsp;commence<br \/>\n<input id=\"rad2\" class=\"lc_radio\" name=\"choixTri\" type=\"radio\" value=\"tricont\" \/>&nbsp;&nbsp;&nbsp;contient<br \/>\n<input id=\"rad3\" class=\"lc_radio\" name=\"choixTri\" type=\"radio\" value=\"trisame\" \/>&nbsp;&nbsp;&nbsp;exact<span class=\"a\"><input type='hidden' name='base_en_cours' value='bbcie'><\/span><br \/>\n<!-- fin div lc_li_radios col 1--><\/div>\n<div style=\"margin-top:0;padding-left:10px;\">\n<label for=\"nom\">Nom     (3 lettres minimum)<\/label><br \/>\n<input tabindex=\"2\" required pattern=\"[A-Za-z\u00e9\u00e8\u00eb\u00ea\u00e7 '\u00c9-]{3,10}\" maxlength=\"10\" name=\"nom\" size=\"21\" type=\"text\" title=\"3 lettres alphab\u00e9tiques minimum\" \/><br \/>\n<label for=\"prenom\">Pr\u00e9nom<\/label><br \/>\n<input tabindex=\"3\" pattern=\"[A-Za-z\u00e9\u00eb\u00e8\u00ea\u00e7 ]{0,10}\" maxlength=\"15\" name=\"prenom\" size=\"21\" type=\"text\" \/><br \/>\n<!-- div champs --><\/div>\n<div class=\"lc_boutons\" style=\"margin-left:162px;\"><input tabindex=\"4\" title=\"Effectuer la recherche\" name=\"nchoix\"  style=\"padding: 0.4rem 1.4rem; background-color: #627a6e\" type=\"submit\" value=\"Rechercher\" \/><\/div>\n<p><!-- fin div colonne n\u00b01 --><\/div>\n<div style=\"background-color: #c8d0c8; width:55%; \">\n<h6 align=\"center\">Navigants de la Compagnie des Indes<\/h6>\n<ul class=\"lc_liste_ul\" style=\"padding:0 0 0 3em;\" >\n<li>Officiers majors<\/li>\n<li>Officiers mariniers<\/li>\n<li>Officiers non mariniers<\/li>\n<li>Volontaires et pilotins<\/li>\n<li>Matelots<\/li>\n<li>Domestiques<\/li>\n<li>Mousses<\/li>\n<\/ul>\n<div class=\"btn_back_menu\"><a style=\"font-size: 11pt; color:white; text-decoration:none; \" href=\"https:\/\/lorientetcompagnies.fr\/index.php\/rechercher-dans-les-bases\/\">Changer de base de recherche<\/a><\/div>\n<p><!-- fin div colonne 2 --><\/div>\n<p><!-- fin div des lc_colonnes --><\/div>\n<\/form>\n<p>&nbsp;<\/p>\n<p><script>\n  function standby() {document.getElementById(\"btn_detail\").innerHTML = \"Bouton non actif\";}\n  function GoMenu() {\n    var length = window.history.length;\n    var togo = -1\n    if (length=1){\n    }else{\n      togo = (length)*-1;\n    }\n    window.history.go(togo);\n    return;\n  }\n<\/script><\/p>\n","protected":false},"excerpt":{"rendered":"<p>Recherche dans la base biographique Le nom est un champ obligatoire &nbsp;&nbsp;&nbsp;commence &nbsp;&nbsp;&nbsp;contient &nbsp;&nbsp;&nbsp;exact Nom (3 lettres minimum) Pr\u00e9nom Navigants de la Compagnie des Indes [&#8230;]<\/p>\n","protected":false},"author":1,"featured_media":0,"parent":0,"menu_order":0,"comment_status":"closed","ping_status":"closed","template":"templates\/template-no-title.php","meta":{"footnotes":""},"class_list":["post-898","page","type-page","status-publish","hentry"],"_links":{"self":[{"href":"https:\/\/lorientetcompagnies.fr\/index.php\/wp-json\/wp\/v2\/pages\/898","targetHints":{"allow":["GET"]}}],"collection":[{"href":"https:\/\/lorientetcompagnies.fr\/index.php\/wp-json\/wp\/v2\/pages"}],"about":[{"href":"https:\/\/lorientetcompagnies.fr\/index.php\/wp-json\/wp\/v2\/types\/page"}],"author":[{"embeddable":true,"href":"https:\/\/lorientetcompagnies.fr\/index.php\/wp-json\/wp\/v2\/users\/1"}],"replies":[{"embeddable":true,"href":"https:\/\/lorientetcompagnies.fr\/index.php\/wp-json\/wp\/v2\/comments?post=898"}],"version-history":[{"count":0,"href":"https:\/\/lorientetcompagnies.fr\/index.php\/wp-json\/wp\/v2\/pages\/898\/revisions"}],"wp:attachment":[{"href":"https:\/\/lorientetcompagnies.fr\/index.php\/wp-json\/wp\/v2\/media?parent=898"}],"curies":[{"name":"wp","href":"https:\/\/api.w.org\/{rel}","templated":true}]}}