{"id":762,"date":"2021-12-29T13:40:42","date_gmt":"2021-12-29T13:40:42","guid":{"rendered":"http:\/\/lorientetcompagnies.fr\/?page_id=762"},"modified":"2023-06-04T17:01:05","modified_gmt":"2023-06-04T17:01:05","slug":"_recherche-imatlo","status":"publish","type":"page","link":"https:\/\/lorientetcompagnies.fr\/index.php\/_recherche-imatlo\/","title":{"rendered":"Rechercher dans la base I-Matlo"},"content":{"rendered":"<div class=\"lc_colonnes\">\n<div style=\"width:47%;\">\n<h5 style=\"margin-top:4px;\">Recherche dans les bases nominatives<\/h5>\n<form action=\"http:\/\/lorientetcompagnies.fr\/LC_main\/lc_pages\/rpageireplo.php\" method=\"post\">\n<p style=\"padding-left: 15px; margin-bottom: 0; margin-top:0;\">Le nom est un champ obligatoire<\/p>\n<div class=\"lc_li_radios\">\n<input id=\"rad1\" tabindex=\"1\" checked=\"checked\" name=\"choixTri\" type=\"radio\" value=\"trideb\" \/>&nbsp;&nbsp;&nbsp;commence<br \/>\n<input id=\"rad2\" class=\"lc_radio\" name=\"choixTri\" type=\"radio\" value=\"tricont\" \/>&nbsp;&nbsp;&nbsp;contient<br \/>\n<input id=\"rad3\" class=\"lc_radio\" name=\"choixTri\" type=\"radio\" value=\"trisame\" \/>&nbsp;&nbsp;&nbsp;exact<span class=\"a\"><input type='hidden' name='base_en_cours' value='adocs'><\/span><br \/>\n<!-- fin div lc_li_radios col 1--><\/div>\n<div class=\"lc_colonnes\">\n<div style=\"width:53%;\">\n<div style=\"margin-top:0;padding-left:10px;\">\n<label for=\"nom\">Nom     (3 lettres minimum)<\/label><br \/>\n<input tabindex=\"2\" required pattern=\"[A-Za-z\u00e9\u00e8\u00eb\u00ea\u00e7 \u00c9'-]{3,10}\" maxlength=\"10\" name=\"nom\" size=\"21\" type=\"text\" title=\"3 lettres alphab\u00e9tiques minimum\" \/><br \/>\n<label for=\"prenom\">Pr\u00e9nom<\/label><br \/>\n<input tabindex=\"3\" pattern=\"[A-Za-z\u00e9\u00eb\u00e8\u00e7]{0,10}\" maxlength=\"10\" name=\"prenom\" size=\"21\" type=\"text\" \/><br \/>\n<!-- fin div champs --><\/div>\n<\/div>\n<div style=\"padding-left:15px;\">\n<label for=\"reps\" style=\"font-size:12pt;\">Filtrer par grade<\/label><br \/>\n<select name=\"reps\" id=\"reps\"><option value=\"\"><\/option><option value=\"1\">mousses<\/option><option value=\"2\">novices<\/option><option value=\"3\">domestiques<\/option><option value=\"4\">pilotins<\/option><option value=\"5\">off. mar., matelots<\/option><option value=\"6\">officiers majors<\/option><option value=\"8\">capitaines, ma\u00eetres<\/option><option value=\"9\">hors classes<\/option><option value=\"7\">ouvriers<\/option><\/select>\n<\/div>\n<\/div>\n<div class=\"lc_boutons\" style=\"margin-left:162px;\"><input tabindex=\"4\" title=\"Effectuer la recherche\" name=\"nchoix\" style=\"padding: 0.4rem 1.4rem; background-color: #627a6e\" type=\"submit\" value=\"Rechercher\" \/><\/div>\n<p><!-- fin div colonne n\u00b01 --><\/div>\n<\/form>\n<div style=\"background-color: #c8d0c8; width:55%; \">\n<h6 align=\"center\">Matricules et r\u00e9pertoires du XVIII<sup>e<\/sup> si\u00e8cle<\/h6>\n<form action=\"http:\/\/lorientetcompagnies.fr\/LC_main\/lc_pages\/pagedetimatlo.php\" method=\"post\">\n<div class=\"lc_li_radios\" style=\"padding-bottom:0px; font-size:11pt;\" >\n\t<input class=\"li_det\" id=\"drad1\" tabindex=\"1\" checked=\"checked\" name=\"choixDet\" type=\"radio\" value=\"det1\" \/>&nbsp;&nbsp;&nbsp;Mousses&nbsp;&nbsp;&nbsp;[1733-1787]<br \/>\n\t<input id=\"drad2\" name=\"choixDet\" type=\"radio\" value=\"det2\" \/>&nbsp;&nbsp;&nbsp;Novices&nbsp;&nbsp;&nbsp;[1764-1787]<br \/>\n\t<input id=\"drad3\" name=\"choixDet\" type=\"radio\" value=\"det3\" \/>&nbsp;&nbsp;&nbsp;Domestiques&nbsp;&nbsp;&nbsp;[1734-1745]<br \/>\n\t<input id=\"drad4\" name=\"choixDet\" type=\"radio\" value=\"det4\" \/>&nbsp;&nbsp;&nbsp;Pilotins&nbsp;&nbsp;&nbsp;[1734-1745]<br \/>\n\t<input id=\"drad5\" name=\"choixDet\" type=\"radio\" value=\"det5\" \/>&nbsp;&nbsp;&nbsp;Officiers mariniers, matelots&nbsp;&nbsp;&nbsp;[1733-1787]<br \/>\n\t<input id=\"drad6\" name=\"choixDet\" type=\"radio\" value=\"det6\" \/>&nbsp;&nbsp;&nbsp;Officiers majors&nbsp;&nbsp;&nbsp;[1733-1775]<br \/>\n\t<input id=\"drad7\" name=\"choixDet\" type=\"radio\" value=\"det8\" \/>&nbsp;&nbsp;&nbsp;Capitaines, ma\u00eetres, pilotes&nbsp;&nbsp;&nbsp;[1764-1775]<br \/>\n\t<input id=\"drad8\" name=\"choixDet\" type=\"radio\" value=\"det9\" \/>&nbsp;&nbsp;&nbsp;Hors des classes de service&nbsp;&nbsp;&nbsp;[1776-1787]<br \/>\n\t<input id=\"drad9\" name=\"choixDet\" type=\"radio\" value=\"det7\" \/>&nbsp;&nbsp;&nbsp;Ouvriers&nbsp;&nbsp;&nbsp;[1764-1782]<\/p>\n<div style=\"padding: 0 35px 15px 0; text-align:right;\">\n<input  type=\"submit\" value=\"Liste des documents\" class=\"btn_hlp\" \/><\/div>\n<\/form>\n<div class=\"btn_back_menu\"><a style=\"font-size: 11pt; color:white; text-decoration:none; \" href=\"https:\/\/lorientetcompagnies.fr\/index.php\/rechercher-dans-les-bases\/\">Changer de base de recherche<\/a><\/div>\n<p><!-- fin div colonne 2 --><\/div>\n<p><!-- fin div des lc_colonnes --><\/div>\n<\/div>\n<p>&nbsp;<\/p>\n","protected":false},"excerpt":{"rendered":"<p>Recherche dans les bases nominatives Le nom est un champ obligatoire &nbsp;&nbsp;&nbsp;commence &nbsp;&nbsp;&nbsp;contient &nbsp;&nbsp;&nbsp;exact Nom (3 lettres minimum) Pr\u00e9nom Filtrer par grade moussesnovicesdomestiquespilotinsoff. mar., matelotsofficiers [&#8230;]<\/p>\n","protected":false},"author":1,"featured_media":0,"parent":0,"menu_order":0,"comment_status":"closed","ping_status":"closed","template":"templates\/template-no-title.php","meta":{"footnotes":""},"class_list":["post-762","page","type-page","status-publish","hentry"],"_links":{"self":[{"href":"https:\/\/lorientetcompagnies.fr\/index.php\/wp-json\/wp\/v2\/pages\/762","targetHints":{"allow":["GET"]}}],"collection":[{"href":"https:\/\/lorientetcompagnies.fr\/index.php\/wp-json\/wp\/v2\/pages"}],"about":[{"href":"https:\/\/lorientetcompagnies.fr\/index.php\/wp-json\/wp\/v2\/types\/page"}],"author":[{"embeddable":true,"href":"https:\/\/lorientetcompagnies.fr\/index.php\/wp-json\/wp\/v2\/users\/1"}],"replies":[{"embeddable":true,"href":"https:\/\/lorientetcompagnies.fr\/index.php\/wp-json\/wp\/v2\/comments?post=762"}],"version-history":[{"count":0,"href":"https:\/\/lorientetcompagnies.fr\/index.php\/wp-json\/wp\/v2\/pages\/762\/revisions"}],"wp:attachment":[{"href":"https:\/\/lorientetcompagnies.fr\/index.php\/wp-json\/wp\/v2\/media?parent=762"}],"curies":[{"name":"wp","href":"https:\/\/api.w.org\/{rel}","templated":true}]}}