{"id":645,"date":"2021-12-29T13:13:56","date_gmt":"2021-12-29T13:13:56","guid":{"rendered":"http:\/\/lorientetcompagnies.fr\/?page_id=645"},"modified":"2023-06-04T16:59:34","modified_gmt":"2023-06-04T16:59:34","slug":"incription_maritime","status":"publish","type":"page","link":"https:\/\/lorientetcompagnies.fr\/index.php\/incription_maritime\/","title":{"rendered":"Rechercher dans la base I-Marlo"},"content":{"rendered":"<form action=\"http:\/\/lorientetcompagnies.fr\/LC_main\/lc_pages\/rpageimarlo.php\" method=\"post\">\n<div class=\"lc_colonnes\">\n<div style=\"width:46%;\">\n<h5 style=\"margin-top:4px;\">Recherche dans les bases nominatives<\/h5>\n<p style=\"padding-left: 15px; margin-bottom: 0; margin-top:0;\">Le nom est un champ obligatoire<\/p>\n<div class=\"lc_li_radios\">\n<input id=\"rad1\" tabindex=\"1\" checked=\"checked\" name=\"choixTri\" type=\"radio\" value=\"trideb\" \/>&nbsp;&nbsp;&nbsp;commence<br \/>\n<input id=\"rad2\" class=\"lc_radio\" name=\"choixTri\" type=\"radio\" value=\"tricont\" \/>&nbsp;&nbsp;&nbsp;contient<br \/>\n<input id=\"rad3\" class=\"lc_radio\" name=\"choixTri\" type=\"radio\" value=\"trisame\" \/>&nbsp;&nbsp;&nbsp;exact<span class=\"a\"><input type='hidden' name='base_en_cours' value='adocs'><\/span><br \/>\n<!-- fin div lc_li_radios col 1--><\/div>\n<div class=\"lc_colonnes\">\n<div style=\"width:54%;\">\n<div style=\"margin-top:0;padding-left:10px;\">\n<label for=\"nom\">Nom     (3 lettres minimum)<\/label><br \/>\n<input tabindex=\"2\" required pattern=\"[A-Za-z\u00e9\u00e8\u00eb\u00ea\u00e7 \u00c9-]{3,10}\" maxlength=\"10\" name=\"nom\" size=\"21\" type=\"text\" title=\"3 lettres alphab\u00e9tiques minimum\" \/><br \/>\n<label for=\"prenom\">Pr\u00e9nom<\/label><br \/>\n<input tabindex=\"3\" pattern=\"[A-Za-z\u00e9\u00eb\u00e8\u00e7 ]{0,15}\" maxlength=\"12\" name=\"prenom\" size=\"21\" type=\"text\" \/><br \/>\n<!-- fin des div champs --><\/div>\n<\/div>\n<div style=\"padding-left:10px; \"><!-- debut colonne 2 --><!-- debut des select --><label for=\"quarts\" style=\"font-size:12pt;\">Pr\u00e9ciser le quartier<\/label><select name=\"quarts\" id=\"quarts\"><option value=\"\"><\/option><option value=\"2\">sous-s\u00e9rie 2P<\/option><option value=\"3\">sous-s\u00e9rie 3P<\/option><option value=\"4\">sous-s\u00e9rie 4P<\/option><option value=\"5\" disabled>sous-s\u00e9rie 5P<\/option><option value=\"6\" disabled>sous-s\u00e9rie 6P<\/option><option value=\"7\" disabled> sous-s\u00e9rie 7P<\/option><option value=\"8\">sous-s\u00e9rie 8P<\/option><option value=\"9\">sous-s\u00e9rie 9P<\/option><\/select><br \/>\n<! -- div -- ><label for=\"typo\" style=\"font-size:12pt;\">Filtrer par grade<\/label><br \/>\n<select name=\"typo\" id=\"typo\"><option value=\"\"><\/option><option value=\"3\">Inscrits provisoires<\/option><option value=\"4\">Inscrits d\u00e9finitifs<\/option><option value=\"1\">mousses<\/option><option value=\"2\">novices<\/option><option value=\"7\">pilotes et aspirants<\/option><option value=\"5\">off. mar., matelots<\/option><option value=\"6\">capitaines, ma\u00eetres<\/option><option value=\"8\">hors classes<\/option><option value=\"9\">autres<\/option><\/select>\n<\/div>\n<\/div>\n<div class=\"lc_boutons\" style=\"text-align:center;\"><input tabindex=\"4\" title=\"Effectuer la recherche\" name=\"nchoix\" style=\"padding: 0.4rem 1.4rem; background-color: #627a6e\" type=\"submit\" value=\"Rechercher\" \/>\n<\/div>\n<p><!-- fin div colonne n\u00b01 --><\/form>\n<\/div>\n<div style=\"background-color: #c8d0c8; width:57%; \">\n<h6 align=\"center\">Inscription Maritime &#8211; Quartiers<\/h6>\n<form action=\"http:\/\/lorientetcompagnies.fr\/LC_main\/lc_pages\/pagedetimarlo.php\" method=\"post\">\n<div class=\"lc_li_radios\" style=\"padding-bottom: 0px; font-size: 11pt;\">\n<input id=\"dra2\" name=\"choixDet\"  class=\"li_det\" tabindex=\"1\" checked=\"checked\" type=\"radio\" value=\"det2\" \/>&nbsp;&nbsp;&nbsp;<strong>2P<\/strong>&nbsp;&nbsp;Lorient, Port-Louis&nbsp;&nbsp;[an XII-1865]<br \/>\n<input id=\"dra3\" name=\"choixDet\" type=\"radio\" value=\"det3\" \/>&nbsp;&nbsp;&nbsp;<strong>3P<\/strong>&nbsp;&nbsp;Belle-\u00cele&nbsp;&nbsp;[1785-1959]<br \/>\n<input id=\"dra4\" name=\"choixDet\" type=\"radio\" value=\"det4\" \/>&nbsp;&nbsp;&nbsp;<strong>4P<\/strong>&nbsp;&nbsp;Vannes, Sarzeau, \u00cele-aux-Moines, Port-Navalo&nbsp;&nbsp;[1764-1952]<br \/>\n<input id=\"dra5\" name=\"choixDet\" type=\"radio\" value=\"det5\"  disabled\/>&nbsp;&nbsp;&nbsp;<strong>5P<\/strong>&nbsp;&nbsp;Redon&nbsp;&nbsp;[1816-1924]<br \/>\n<input id=\"dra6\" name=\"choixDet\" type=\"radio\" value=\"det6\"  disabled\/>&nbsp;&nbsp;&nbsp;<strong>6P<\/strong>&nbsp;&nbsp;Auray, \u00c9tel, Quiberon&nbsp;&nbsp;[1786-1959]<br \/>\n<input id=\"dra7\" name=\"choixDet\" type=\"radio\" value=\"det7\" disabled\/>&nbsp;&nbsp;&nbsp;<strong>7P<\/strong>&nbsp;&nbsp;Concarneau, Do\u00e9lan&nbsp;&nbsp;[1764-1952]<br \/>\n<input id=\"dra8\" name=\"choixDet\" type=\"radio\" value=\"det8\" \/>&nbsp;&nbsp;&nbsp;<strong>8P<\/strong>&nbsp;&nbsp;Groix&nbsp;&nbsp;[1816-1951]<br \/>\n<input id=\"dra9\" name=\"choixDet\" type=\"radio\" value=\"det9\" \/>&nbsp;&nbsp;&nbsp;<strong>9P<\/strong>&nbsp;&nbsp;Lorient, Port-Louis, Larmor-Plage, Hennebont&nbsp;&nbsp;[1865-1959]<\/p>\n<div style=\"padding: 0 35px 5px 0; text-align: right;\"><input class=\"btn_hlp\" type=\"submit\" value=\"Liste des documents\" \/><\/div>\n<\/div>\n<\/form>\n<div class=\"btn_back_menu\"><a style=\"font-size: 11pt; color:white; text-decoration:none; \" href=\"https:\/\/lorientetcompagnies.fr\/index.php\/rechercher-dans-les-bases\/\">Changer de base de recherche<\/a><\/div>\n<p><!-- fin div colonne 2 --><\/div>\n<p><!-- fin div des lc_colonnes --><\/div>\n<p>&nbsp;<\/p>\n<p><script>\nfunction standby() {\n  document.getElementById(\"btn_detail\").innerHTML = \"Bouton non actif\";\n}\n<\/script><\/p>\n","protected":false},"excerpt":{"rendered":"<p>Recherche dans les bases nominatives Le nom est un champ obligatoire &nbsp;&nbsp;&nbsp;commence &nbsp;&nbsp;&nbsp;contient &nbsp;&nbsp;&nbsp;exact Nom (3 lettres minimum) Pr\u00e9nom Pr\u00e9ciser le quartiersous-s\u00e9rie 2Psous-s\u00e9rie 3Psous-s\u00e9rie 4Psous-s\u00e9rie [&#8230;]<\/p>\n","protected":false},"author":1,"featured_media":0,"parent":0,"menu_order":0,"comment_status":"closed","ping_status":"closed","template":"templates\/template-no-title.php","meta":{"footnotes":""},"class_list":["post-645","page","type-page","status-publish","hentry"],"_links":{"self":[{"href":"https:\/\/lorientetcompagnies.fr\/index.php\/wp-json\/wp\/v2\/pages\/645","targetHints":{"allow":["GET"]}}],"collection":[{"href":"https:\/\/lorientetcompagnies.fr\/index.php\/wp-json\/wp\/v2\/pages"}],"about":[{"href":"https:\/\/lorientetcompagnies.fr\/index.php\/wp-json\/wp\/v2\/types\/page"}],"author":[{"embeddable":true,"href":"https:\/\/lorientetcompagnies.fr\/index.php\/wp-json\/wp\/v2\/users\/1"}],"replies":[{"embeddable":true,"href":"https:\/\/lorientetcompagnies.fr\/index.php\/wp-json\/wp\/v2\/comments?post=645"}],"version-history":[{"count":0,"href":"https:\/\/lorientetcompagnies.fr\/index.php\/wp-json\/wp\/v2\/pages\/645\/revisions"}],"wp:attachment":[{"href":"https:\/\/lorientetcompagnies.fr\/index.php\/wp-json\/wp\/v2\/media?parent=645"}],"curies":[{"name":"wp","href":"https:\/\/api.w.org\/{rel}","templated":true}]}}