{"id":563,"date":"2021-12-29T13:09:16","date_gmt":"2021-12-29T13:09:16","guid":{"rendered":"http:\/\/lorientetcompagnies.fr\/?page_id=563"},"modified":"2025-06-21T14:18:28","modified_gmt":"2025-06-21T14:18:28","slug":"recherche-base-adocs","status":"publish","type":"page","link":"https:\/\/lorientetcompagnies.fr\/index.php\/recherche-base-adocs\/","title":{"rendered":"Rechercher dans la base A-docs"},"content":{"rendered":"<div class=\"lc_colonnes\">\n<div style=\"width:45%;\">\n<h5 style=\"margin-top:4px;\">Recherche dans les bases nominatives<\/h5>\n<form action=\"http:\/\/lorientetcompagnies.fr\/LC_main\/lc_pages\/rpageadocs.php\" method=\"post\">\n<p style=\"padding-left: 15px; margin-bottom: 0; margin-top:0;\">Le nom est un champ obligatoire<\/p>\n<div class=\"lc_li_radios\">\n<input id=\"rad1\" tabindex=\"1\" checked=\"checked\" name=\"choixTri\" type=\"radio\" value=\"trideb\" \/>&nbsp;&nbsp;&nbsp;commence<br \/>\n<input id=\"rad2\" class=\"lc_radio\" name=\"choixTri\" type=\"radio\" value=\"tricont\" \/>&nbsp;&nbsp;&nbsp;contient<br \/>\n<input id=\"rad3\" class=\"lc_radio\" name=\"choixTri\" type=\"radio\" value=\"trisame\" \/>&nbsp;&nbsp;&nbsp;exact<span class=\"a\"><input type='hidden' name='base_en_cours' value='adocs'><\/span><br \/>\n<!-- fin div lc_li_radios col 1--><\/div>\n<div style=\"margin-top:0;padding-left:10px;\">\n<label for=\"nom\">Nom     (3 lettres minimum)<\/label><br \/>\n<input tabindex=\"2\" required pattern=\"[A-Za-z\u00e9\u00e8\u00eb\u00ea\u00e7 \u00c9-]{3,10}\" maxlength=\"10\" name=\"nom\" size=\"21\" type=\"text\" title=\"3 lettres alphab\u00e9tiques minimum\" \/><br \/>\n<label for=\"prenom\">Pr\u00e9nom<\/label><br \/>\n<input tabindex=\"3\" pattern=\"[A-Za-z\u00e9\u00eb\u00e8\u00e7 ]{0,15}\" maxlength=\"10\" name=\"prenom\" size=\"21\" type=\"text\" \/><br \/>\n<!-- div champs --><\/div>\n<div class=\"lc_boutons\" style=\"margin-left:162px;\"><input tabindex=\"4\" title=\"Effectuer la recherche\" name=\"nchoix\"  style=\"padding: 0.4rem 1.4rem; background-color: #627a6e\" type=\"submit\" value=\"Rechercher\" \/><\/div>\n<p><!-- fin div colonne n\u00b01 --><\/div>\n<\/form>\n<div style=\"background-color: #c8d0c8; width:55%; \">\n<h6 align=\"center\">Index et tables alphab\u00e9tiques<\/h6>\n<form action=\"http:\/\/lorientetcompagnies.fr\/LC_main\/lc_pages\/pagedetadocs.php\" method=\"post\">\n<div class=\"lc_li_radios\" style=\"padding-bottom:15px; font-size: 11pt;\">\n<input id=\"drad8\" tabindex=\"1\" checked=\"checked\" name=\"choixDet\" type=\"radio\" value=\"det8\"><label for=\"drad8\" style=\"padding-left:8px;\">R\u00e9pertoires et matricules &#8211; Quartiers de Lorient et Port-Louis<\/label><br \/>\n<input id=\"drad1\" name=\"choixDet\" type=\"radio\" value=\"det1\"><label for=\"drad1\" style=\"padding-left:8px;\">D\u00e9comptes de marins morts ou rest\u00e9s en escale<\/label><br \/>\n<input id=\"drad2\" name=\"choixDet\" type=\"radio\" value=\"det2\"><label for=\"drad2\" style=\"padding-left:8px;\">Inventaires et ventes des hardes des morts en mer<\/label><br \/>\n<input id=\"drad7\" name=\"choixDet\" type=\"radio\" value=\"det7\"><label for=\"drad7\" style=\"padding-left:8px;\">Mainlev\u00e9es d\u2019effets de personnes mortes pendant une campagne<\/label><br \/>\n<input id=\"drad3\" name=\"choixDet\" type=\"radio\" value=\"det3\"><label for=\"drad3\" style=\"padding-left:8px;\">\u00c9tats, listes et r\u00f4les de passagers<\/label><br \/>\n<input id=\"drad4\" name=\"choixDet\" type=\"radio\" value=\"det4\"><label for=\"drad4\" style=\"padding-left:8px;\">R\u00e9pertoires des matricules de Saint-Malo<\/label><br \/>\n<input id=\"drad6\" name=\"choixDet\" type=\"radio\" value=\"det6\"><label for=\"drad6\" style=\"padding-left:8px;\">Documents relatifs aux soldats<\/label><br \/>\n<input id=\"drad5\" name=\"choixDet\" type=\"radio\" value=\"det5\"><label for=\"drad5\" style=\"padding-left:8px;\">Divers autres documents<\/label>\n<\/div>\n<div style=\"padding: 0.4rem 35px; text-align:right;\">\n<input  type=\"submit\" value=\"Lister les documents index\u00e9s\" class=\"btn_hlp\" \/>\n<\/div>\n<\/form>\n<div class=\"btn_back_menu\"><a style=\"font-size: 11pt; color:white; text-decoration:none; \" href=\"https:\/\/lorientetcompagnies.fr\/index.php\/rechercher-dans-les-bases\/\">Changer de base de recherche<\/a><\/div>\n<p><!-- fin div colonne 2 --><\/div>\n<p><!-- fin div des lc_colonnes --><\/div>\n<p>&nbsp;<\/p>\n","protected":false},"excerpt":{"rendered":"<p>Recherche dans les bases nominatives Le nom est un champ obligatoire &nbsp;&nbsp;&nbsp;commence &nbsp;&nbsp;&nbsp;contient &nbsp;&nbsp;&nbsp;exact Nom (3 lettres minimum) Pr\u00e9nom Index et tables alphab\u00e9tiques R\u00e9pertoires et [&#8230;]<\/p>\n","protected":false},"author":1,"featured_media":0,"parent":0,"menu_order":0,"comment_status":"closed","ping_status":"closed","template":"templates\/template-no-title.php","meta":{"footnotes":""},"class_list":["post-563","page","type-page","status-publish","hentry"],"_links":{"self":[{"href":"https:\/\/lorientetcompagnies.fr\/index.php\/wp-json\/wp\/v2\/pages\/563","targetHints":{"allow":["GET"]}}],"collection":[{"href":"https:\/\/lorientetcompagnies.fr\/index.php\/wp-json\/wp\/v2\/pages"}],"about":[{"href":"https:\/\/lorientetcompagnies.fr\/index.php\/wp-json\/wp\/v2\/types\/page"}],"author":[{"embeddable":true,"href":"https:\/\/lorientetcompagnies.fr\/index.php\/wp-json\/wp\/v2\/users\/1"}],"replies":[{"embeddable":true,"href":"https:\/\/lorientetcompagnies.fr\/index.php\/wp-json\/wp\/v2\/comments?post=563"}],"version-history":[{"count":2,"href":"https:\/\/lorientetcompagnies.fr\/index.php\/wp-json\/wp\/v2\/pages\/563\/revisions"}],"predecessor-version":[{"id":1564,"href":"https:\/\/lorientetcompagnies.fr\/index.php\/wp-json\/wp\/v2\/pages\/563\/revisions\/1564"}],"wp:attachment":[{"href":"https:\/\/lorientetcompagnies.fr\/index.php\/wp-json\/wp\/v2\/media?parent=563"}],"curies":[{"name":"wp","href":"https:\/\/api.w.org\/{rel}","templated":true}]}}