{"id":29,"date":"2021-10-14T15:09:43","date_gmt":"2021-10-14T15:09:43","guid":{"rendered":"http:\/\/lorientetcompagnies.fr\/?page_id=29"},"modified":"2026-02-05T15:27:17","modified_gmt":"2026-02-05T15:27:17","slug":"jma","status":"publish","type":"page","link":"https:\/\/lorientetcompagnies.fr\/","title":{"rendered":"Lorient &#038; Compagnies"},"content":{"rendered":"<p style=\"margin-top: 0; margin-bottom: 0;\"><img loading=\"lazy\" decoding=\"async\" class=\"alignleft\" style=\"vertical-align: text-bottom;\" src=\"http:\/\/lorientetcompagnies.fr\/wp-content\/uploads\/2021\/11\/LogoLCieVert-300x300.png\" alt=\"logo\" width=\"68\" height=\"68\" \/><strong>Lorient &amp; Compagnies<\/strong><\/p>\n<p class=\"lc_vient\">Vient en compl\u00e9ment des donn\u00e9es publi\u00e9es sur les pages consacr\u00e9es \u00e0 la <a href=\"https:\/\/www.memoiredeshommes.defense.gouv.fr\/territoires-expeditions\/activites-commerciales\/compagnies-des-indes\" target=\"_blank\" rel=\"noopener\">Compagnie des Indes Orientales<\/a> sur le site <a href=\"https:\/\/www.memoiredeshommes.defense.gouv.fr\" target=\"_blank\" rel=\"noopener\">M\u00e9moire des Hommes<\/a> \u00e9dit\u00e9 et administr\u00e9 par la Direction de la m\u00e9moire, de la culture et des archives (DMCA).<\/p>\n<p class=\"lc_vient\" style=\"text-indent: 30px;\">Les mises en ligne se font progressivement, en \u00e9troite collaboration avec le \u00a0<a title=\"SHD Lorient\" href=\"https:\/\/www.servicehistorique.sga.defense.gouv.fr\/centres-shd\/lorient-centre-historique-des-archives-de-la-marine-en-ocean-indien\" target=\"_blank\" rel=\"noopener nofollow\">S.H.D.L.\u00a0<\/a> (<em>Service Historique de la D\u00e9fense \u00e0 Lorient<\/em>).<\/p>\n<p class=\"lc_une_ligne\">Nous proposons la consultation des bases nominatives provenant de divers documents :<\/p>\n<div class=\"lc_colonnes\">\n<div style=\"width: 75%;\">\n<ul>\n<li>Documents relatifs aux marins morts en mer, aux soldats, aux passagers<\/li>\n<li>Registres matricules et r\u00e9pertoires du XVIII<sup>e<\/sup> si\u00e8cle<\/li>\n<li>Registres de l\u2019inscription maritime depuis le XIX<sup>e<\/sup> si\u00e8cle<\/li>\n<\/ul>\n<p><!-- fin div colonne 1 haut --><\/p>\n<\/div>\n<div style=\"width: 25%; margin-top: 0.5em; text-align: right;\">\n<p><!-- fin div colonne 2 haut --><\/div>\n<p><!-- fin div lc_colonnes Haut --><\/p>\n<\/div>\n<p class=\"lc_une_ligne\">Vous pouvez aussi faire une recherche dans les diff\u00e9rentes bases biographiques consacr\u00e9es aux :<\/p>\n<div class=\"lc_colonnes\">\n<div style=\"width: 75%;\">\n<ul>\n<li>Marins ayant navigu\u00e9 sur les navires de la Compagnie des Indes<\/li>\n<li>Soldats et officiers engag\u00e9s dans les troupes de la Compagnie<\/li>\n<li>Ouvriers et navigants \u00ab\u00a0engag\u00e9s pour les colonies\u00a0\u00bb<\/li>\n<\/ul>\n<p><!-- fin div colonne 1 Bas --><\/p>\n<\/div>\n<p><!-- fin div colonne 2 bas --><\/p>\n<\/div>\n<p><!-- fin div lc_colonnes bas --><\/p>\n<div class=\"btn_back_menu\"><a style=\"font-size: 11pt; color: white; text-decoration: none;\" href=\"https:\/\/lorientetcompagnies.fr\/index.php\/rechercher-dans-les-bases\/\">Faire une recherche<\/a><\/div>\n<p style=\"text-align: center;\"><strong>[derni\u00e8re mise \u00e0 jour 05\/02\/2026]<\/strong><\/p>\n<p>&nbsp;<\/p>\n","protected":false},"excerpt":{"rendered":"<p>Lorient &amp; Compagnies Vient en compl\u00e9ment des donn\u00e9es publi\u00e9es sur les pages consacr\u00e9es \u00e0 la Compagnie des Indes Orientales sur le site M\u00e9moire des Hommes [&#8230;]<\/p>\n","protected":false},"author":1,"featured_media":0,"parent":0,"menu_order":0,"comment_status":"closed","ping_status":"closed","template":"templates\/template-no-title.php","meta":{"footnotes":""},"class_list":["post-29","page","type-page","status-publish","hentry"],"_links":{"self":[{"href":"https:\/\/lorientetcompagnies.fr\/index.php\/wp-json\/wp\/v2\/pages\/29","targetHints":{"allow":["GET"]}}],"collection":[{"href":"https:\/\/lorientetcompagnies.fr\/index.php\/wp-json\/wp\/v2\/pages"}],"about":[{"href":"https:\/\/lorientetcompagnies.fr\/index.php\/wp-json\/wp\/v2\/types\/page"}],"author":[{"embeddable":true,"href":"https:\/\/lorientetcompagnies.fr\/index.php\/wp-json\/wp\/v2\/users\/1"}],"replies":[{"embeddable":true,"href":"https:\/\/lorientetcompagnies.fr\/index.php\/wp-json\/wp\/v2\/comments?post=29"}],"version-history":[{"count":14,"href":"https:\/\/lorientetcompagnies.fr\/index.php\/wp-json\/wp\/v2\/pages\/29\/revisions"}],"predecessor-version":[{"id":1579,"href":"https:\/\/lorientetcompagnies.fr\/index.php\/wp-json\/wp\/v2\/pages\/29\/revisions\/1579"}],"wp:attachment":[{"href":"https:\/\/lorientetcompagnies.fr\/index.php\/wp-json\/wp\/v2\/media?parent=29"}],"curies":[{"name":"wp","href":"https:\/\/api.w.org\/{rel}","templated":true}]}}