{"id":1429,"date":"2024-01-11T12:59:58","date_gmt":"2024-01-11T12:59:58","guid":{"rendered":"https:\/\/lorientetcompagnies.fr\/?page_id=1429"},"modified":"2024-09-06T10:43:42","modified_gmt":"2024-09-06T10:43:42","slug":"historique_ashdl","status":"publish","type":"page","link":"https:\/\/lorientetcompagnies.fr\/index.php\/historique_ashdl\/","title":{"rendered":"L\u2019ASHDL : passionn\u00e9s depuis 2005 &#8230;"},"content":{"rendered":"<p style=\"text-indent: 25px; margin: 0;\">Fin 2005, une poign\u00e9e de b\u00e9n\u00e9voles passionn\u00e9s d&rsquo;histoire locale, d\u00e9sireux de mettre en valeur les archives conserv\u00e9es au Service Historique de la D\u00e9fense \u00e0 Lorient, se sont rencontr\u00e9s \u00e0 l\u2019initiative de Jean-Paul EVEN pour d\u00e9battre des possibilit\u00e9s d&rsquo;exploiter les documents relatifs aux \u00e9quipages des vaisseaux de la Compagnie des Indes.<\/p>\n<p style=\"text-indent: 25px; margin: 0;\">En effet les archives embl\u00e9matiques de l&rsquo;histoire de Lorient concernent les Compagnies des Indes gr\u00e2ce auxquelles nous devons la cr\u00e9ation de la ville qui prit d&rsquo;abord le nom de \u00ab lieu d&rsquo;Orient \u00bb, puis tout simplement de \u00ab l&rsquo;Orient \u00bb. Int\u00e9ress\u00e9 par la d\u00e9marche, Jean-Michel ANDR\u00c9, auteur d&rsquo;une base de donn\u00e9es sur les engag\u00e9s de la Compagnie des Indes, propose alors un logiciel de saisie des informations port\u00e9es sur les r\u00f4les d&rsquo;armement et de d\u00e9sarmement de ces navires. Apr\u00e8s une phase pr\u00e9paratoire, les premi\u00e8res saisies d\u00e9butent en f\u00e9vrier 2006. Elles sont valid\u00e9es selon un strict proc\u00e9d\u00e9 de contr\u00f4le a <em>posteriori<\/em>, avant d&rsquo;alimenter une base de donn\u00e9es.<\/p>\n<p style=\"text-indent: 25px; margin: 0;\">Courant 2007, le groupe de travail d\u00e9cide de se constituer en association afin d&rsquo;\u00eatre reconnu comme un interlocuteur unique par le SHD Lorient : l&rsquo;association des Amis du Service Historique de la D\u00e9fense \u00e0 Lorient (ASHDL) est cr\u00e9\u00e9e le 13 novembre 2007 ; son objectif \u00e9tant d&rsquo;exploiter les archives conserv\u00e9es au SHD Lorient et de les faire conna\u00eetre au plus grand nombre, par des relev\u00e9s informatis\u00e9s et la diffusion de ces travaux dans un but historique. Son premier pr\u00e9sident Jean-Paul EVEN est remplac\u00e9 en 2023 par Chantal PL\u00c9VERT.<\/p>\n<p style=\"text-indent: 25px; margin: 0;\">Notre projet a re\u00e7u un accueil particuli\u00e8rement chaleureux de la part de Ren\u00e9 ESTIENNE, alors conservateur du patrimoine au Service Historique de la D\u00e9fense \u00e0 Lorient qui par son soutien sans faille, ses encouragements avis\u00e9s et l&rsquo;aide pr\u00e9cieuse apport\u00e9e, nous a aid\u00e9 \u00e0 mener le projet \u00e0 son terme.<\/p>\n<p style=\"text-indent: 25px; margin: 0;\">Si d&rsquo;\u00e9minents historiens ont publi\u00e9 des ouvrages de r\u00e9f\u00e9rence sur les Compagnies des Indes de 1664 \u00e0 1793, en puisant notamment leurs sources dans le fonds d&rsquo;archives du port de Lorient, il nous est apparu que personne n&rsquo;avait encore dress\u00e9 la liste exhaustive de ceux qui, en qualit\u00e9 de membres d&rsquo;\u00e9quipage, passagers ou soldats, avaient navigu\u00e9 ou voyag\u00e9 \u00e0 bord des navires arm\u00e9s par les Compagnies. Le choix du corpus s&rsquo;est port\u00e9 d\u2019embl\u00e9e sur la p\u00e9riode de la Grande Compagnie (1719-1771) dont le SHD Lorient d\u00e9tient les r\u00f4les d&rsquo;armement et de d\u00e9sarmement de la quasi-totalit\u00e9 des vaisseaux. L&rsquo;\u00e9quipe de l\u2019ASHDL s&rsquo;est attel\u00e9e \u00e0 la t\u00e2che, projet ambitieux certes, mais parfaitement r\u00e9alisable gr\u00e2ce au d\u00e9vouement de ses membres et \u00e0 l&rsquo;aide d&rsquo;un puissant outil informatique.<\/p>\n<p style=\"text-indent: 25px; margin: 0;\">Aujourd\u2019hui, la totalit\u00e9 des r\u00f4les, y compris ceux post\u00e9rieurs \u00e0 1771, a \u00e9t\u00e9 d\u00e9pouill\u00e9e. Les informations recueillies selon la grille de saisie ont permis de constituer une base de donn\u00e9es d\u00e9sormais consultable sur <em>M\u00e9moire des Hommes<\/em> dans une version simplifi\u00e9e qui permet d&rsquo;identifier les individus, avec indication du navire et des r\u00f4les de r\u00e9f\u00e9rence. Les crit\u00e8res de recherche sont volontairement restreints afin de ne pas alourdir la base et de laisser les internautes d\u00e9sireux d&rsquo;en savoir plus, approfondir leur recherche par une d\u00e9marche personnelle au <a href=\"https:\/\/www.servicehistorique.sga.defense.gouv.fr\/le-shd-en-france\/lorient-centre-historique-des-archives-de-la-marine-en-ocean-indien\">SHD Lorient<\/a> ou aupr\u00e8s de l\u2019ASHDL (<em>ashdl56@gmail.com<\/em>) soit par le formulaire de contact ci-dessus.<\/p>\n<p style=\"text-indent: 25px; margin: 0;\">En 2016 l\u2019association a souhait\u00e9 aller plus loin en cr\u00e9ant une nouvelle base de donn\u00e9es consacr\u00e9e \u00e0 la biographie des navigants. Depuis 2021 l\u2019int\u00e9gralit\u00e9 de la base nominative a \u00e9t\u00e9 mise en ligne sur <em>Lorient &amp; Compagnies<\/em>. La base biographique, quant \u00e0 elle, est progressivement mise \u00e0 disposition des chercheurs apr\u00e8s les validations d\u2019usage ; la r\u00e9daction des notices individuelles est toujours en cours en ce d\u00e9but 2024.<\/p>\n<p style=\"text-indent: 25px; margin: 0;\">Les ann\u00e9es passent mais notre enthousiasme reste intact. L\u2019ambition affich\u00e9e est de publier l\u2019ensemble des notices biographiques des quelques 110 000 navigants ayant bourlingu\u00e9 sur les vaisseaux de la Grande Compagnie !<\/p>\n","protected":false},"excerpt":{"rendered":"<p>Fin 2005, une poign\u00e9e de b\u00e9n\u00e9voles passionn\u00e9s d&rsquo;histoire locale, d\u00e9sireux de mettre en valeur les archives conserv\u00e9es au Service Historique de la D\u00e9fense \u00e0 Lorient, [&#8230;]<\/p>\n","protected":false},"author":1,"featured_media":0,"parent":0,"menu_order":0,"comment_status":"closed","ping_status":"closed","template":"","meta":{"footnotes":""},"class_list":["post-1429","page","type-page","status-publish","hentry"],"_links":{"self":[{"href":"https:\/\/lorientetcompagnies.fr\/index.php\/wp-json\/wp\/v2\/pages\/1429","targetHints":{"allow":["GET"]}}],"collection":[{"href":"https:\/\/lorientetcompagnies.fr\/index.php\/wp-json\/wp\/v2\/pages"}],"about":[{"href":"https:\/\/lorientetcompagnies.fr\/index.php\/wp-json\/wp\/v2\/types\/page"}],"author":[{"embeddable":true,"href":"https:\/\/lorientetcompagnies.fr\/index.php\/wp-json\/wp\/v2\/users\/1"}],"replies":[{"embeddable":true,"href":"https:\/\/lorientetcompagnies.fr\/index.php\/wp-json\/wp\/v2\/comments?post=1429"}],"version-history":[{"count":2,"href":"https:\/\/lorientetcompagnies.fr\/index.php\/wp-json\/wp\/v2\/pages\/1429\/revisions"}],"predecessor-version":[{"id":1506,"href":"https:\/\/lorientetcompagnies.fr\/index.php\/wp-json\/wp\/v2\/pages\/1429\/revisions\/1506"}],"wp:attachment":[{"href":"https:\/\/lorientetcompagnies.fr\/index.php\/wp-json\/wp\/v2\/media?parent=1429"}],"curies":[{"name":"wp","href":"https:\/\/api.w.org\/{rel}","templated":true}]}}